{"id":64,"date":"2023-06-02T11:42:14","date_gmt":"2023-06-02T09:42:14","guid":{"rendered":"https:\/\/pelikan.katowice.pl\/?page_id=64"},"modified":"2023-08-29T15:34:30","modified_gmt":"2023-08-29T13:34:30","slug":"strona-glowna","status":"publish","type":"page","link":"https:\/\/pelikan.katowice.pl\/","title":{"rendered":"Strona g\u0142\u00f3wna"},"content":{"rendered":"\t\t<div data-elementor-type=\"wp-page\" data-elementor-id=\"64\" class=\"elementor elementor-64\">\n\t\t\t\t\t\t\t\t\t<section class=\"elementor-section elementor-top-section elementor-element elementor-element-e630309 elementor-section-boxed elementor-section-height-default elementor-section-height-default\" data-id=\"e630309\" data-element_type=\"section\">\n\t\t\t\t\t\t<div class=\"elementor-container elementor-column-gap-default\">\n\t\t\t\t\t<div class=\"elementor-column elementor-col-25 elementor-top-column elementor-element elementor-element-9c6c981\" data-id=\"9c6c981\" data-element_type=\"column\">\n\t\t\t<div class=\"elementor-widget-wrap\">\n\t\t\t\t\t\t\t\t\t<\/div>\n\t\t<\/div>\n\t\t\t\t<div class=\"elementor-column elementor-col-25 elementor-top-column elementor-element elementor-element-4090eca\" data-id=\"4090eca\" data-element_type=\"column\">\n\t\t\t<div class=\"elementor-widget-wrap\">\n\t\t\t\t\t\t\t\t\t<\/div>\n\t\t<\/div>\n\t\t\t\t<div class=\"elementor-column elementor-col-25 elementor-top-column elementor-element elementor-element-6265002\" data-id=\"6265002\" data-element_type=\"column\">\n\t\t\t<div class=\"elementor-widget-wrap\">\n\t\t\t\t\t\t\t\t\t<\/div>\n\t\t<\/div>\n\t\t\t\t<div class=\"elementor-column elementor-col-25 elementor-top-column elementor-element elementor-element-e07abf9\" data-id=\"e07abf9\" data-element_type=\"column\">\n\t\t\t<div class=\"elementor-widget-wrap\">\n\t\t\t\t\t\t\t\t\t<\/div>\n\t\t<\/div>\n\t\t\t\t\t\t\t<\/div>\n\t\t<\/section>\n\t\t\t\t<section class=\"elementor-section elementor-top-section elementor-element elementor-element-23c2348c elementor-section-boxed elementor-section-height-default elementor-section-height-default elementor-invisible\" data-id=\"23c2348c\" data-element_type=\"section\" data-settings=\"{&quot;background_background&quot;:&quot;slideshow&quot;,&quot;animation&quot;:&quot;fadeIn&quot;,&quot;background_slideshow_gallery&quot;:[{&quot;id&quot;:140,&quot;url&quot;:&quot;https:\\\/\\\/pelikan.katowice.pl\\\/wp-content\\\/uploads\\\/2023\\\/06\\\/sklep_zmniejszony-najm.jpg&quot;},{&quot;id&quot;:162,&quot;url&quot;:&quot;https:\\\/\\\/pelikan.katowice.pl\\\/wp-content\\\/uploads\\\/2023\\\/06\\\/20230411_125040-scaled.jpg&quot;},{&quot;id&quot;:214,&quot;url&quot;:&quot;https:\\\/\\\/pelikan.katowice.pl\\\/wp-content\\\/uploads\\\/2023\\\/06\\\/20230512_155419-min1-scaled.jpg&quot;},{&quot;id&quot;:211,&quot;url&quot;:&quot;https:\\\/\\\/pelikan.katowice.pl\\\/wp-content\\\/uploads\\\/2023\\\/06\\\/20230410_211523-min1-scaled.jpg&quot;},{&quot;id&quot;:22,&quot;url&quot;:&quot;https:\\\/\\\/pelikan.katowice.pl\\\/wp-content\\\/uploads\\\/2023\\\/05\\\/20230512_160522-scaled.jpg&quot;},{&quot;id&quot;:212,&quot;url&quot;:&quot;https:\\\/\\\/pelikan.katowice.pl\\\/wp-content\\\/uploads\\\/2023\\\/06\\\/20230411_132019-min1-scaled.jpg&quot;}],&quot;background_slideshow_slide_duration&quot;:2000,&quot;background_slideshow_loop&quot;:&quot;yes&quot;,&quot;background_slideshow_slide_transition&quot;:&quot;fade&quot;,&quot;background_slideshow_transition_duration&quot;:500}\">\n\t\t\t\t\t\t\t<div class=\"elementor-background-overlay\"><\/div>\n\t\t\t\t\t\t\t<div class=\"elementor-container elementor-column-gap-default\">\n\t\t\t\t\t<div class=\"elementor-column elementor-col-100 elementor-top-column elementor-element elementor-element-6f0b5deb\" data-id=\"6f0b5deb\" data-element_type=\"column\">\n\t\t\t<div class=\"elementor-widget-wrap elementor-element-populated\">\n\t\t\t\t\t\t\t\t<div class=\"elementor-element elementor-element-924f83b elementor-invisible elementor-widget elementor-widget-heading\" data-id=\"924f83b\" data-element_type=\"widget\" data-settings=\"{&quot;_animation&quot;:&quot;fadeInUp&quot;,&quot;_animation_delay&quot;:&quot;200&quot;}\" data-widget_type=\"heading.default\">\n\t\t\t\t<div class=\"elementor-widget-container\">\n\t\t\t<style>\/*! elementor - v3.15.0 - 31-07-2023 *\/\n.elementor-heading-title{padding:0;margin:0;line-height:1}.elementor-widget-heading .elementor-heading-title[class*=elementor-size-]>a{color:inherit;font-size:inherit;line-height:inherit}.elementor-widget-heading .elementor-heading-title.elementor-size-small{font-size:15px}.elementor-widget-heading .elementor-heading-title.elementor-size-medium{font-size:19px}.elementor-widget-heading .elementor-heading-title.elementor-size-large{font-size:29px}.elementor-widget-heading .elementor-heading-title.elementor-size-xl{font-size:39px}.elementor-widget-heading .elementor-heading-title.elementor-size-xxl{font-size:59px}<\/style><h1 class=\"elementor-heading-title elementor-size-small\">Sklep \"Pelikan\" oferuje art. szkolne i biurowe. <\/h1>\t\t<\/div>\n\t\t\t\t<\/div>\n\t\t\t\t<div class=\"elementor-element elementor-element-9f19661 elementor-invisible elementor-widget elementor-widget-heading\" data-id=\"9f19661\" data-element_type=\"widget\" data-settings=\"{&quot;_animation&quot;:&quot;fadeInUp&quot;,&quot;_animation_delay&quot;:&quot;400&quot;}\" data-widget_type=\"heading.default\">\n\t\t\t\t<div class=\"elementor-widget-container\">\n\t\t\t<h3 class=\"elementor-heading-title elementor-size-large\">Wykonujemy tak\u017ce piecz\u0105tki, us\u0142ugi ksero, wydru<i>ki, <\/i>oprawianie prac dyplomowych, bindowanie, laminowanie.<\/h3>\t\t<\/div>\n\t\t\t\t<\/div>\n\t\t\t\t\t<\/div>\n\t\t<\/div>\n\t\t\t\t\t\t\t<\/div>\n\t\t<\/section>\n\t\t\t\t<section class=\"elementor-section elementor-top-section elementor-element elementor-element-57981495 elementor-section-full_width elementor-section-height-default elementor-section-height-default\" data-id=\"57981495\" data-element_type=\"section\" data-settings=\"{&quot;background_background&quot;:&quot;classic&quot;,&quot;animation&quot;:&quot;none&quot;}\">\n\t\t\t\t\t\t<div class=\"elementor-container elementor-column-gap-default\">\n\t\t\t\t\t<div class=\"elementor-column elementor-col-100 elementor-top-column elementor-element elementor-element-111f12a9\" data-id=\"111f12a9\" data-element_type=\"column\" data-settings=\"{&quot;background_background&quot;:&quot;classic&quot;}\">\n\t\t\t<div class=\"elementor-widget-wrap\">\n\t\t\t\t\t\t\t\t\t<\/div>\n\t\t<\/div>\n\t\t\t\t\t\t\t<\/div>\n\t\t<\/section>\n\t\t\t\t\t\t\t<\/div>\n\t\t","protected":false},"excerpt":{"rendered":"<p>Sklep &#8222;Pelikan&#8221; oferuje art. szkolne i biurowe. Wykonujemy tak\u017ce piecz\u0105tki, us\u0142ugi ksero, wydruki, oprawianie prac dyplomowych, bindowanie, laminowanie.<\/p>\n","protected":false},"author":1,"featured_media":0,"parent":0,"menu_order":0,"comment_status":"closed","ping_status":"closed","template":"","meta":{"footnotes":""},"class_list":["post-64","page","type-page","status-publish","hentry","entry"],"_links":{"self":[{"href":"https:\/\/pelikan.katowice.pl\/index.php\/wp-json\/wp\/v2\/pages\/64","targetHints":{"allow":["GET"]}}],"collection":[{"href":"https:\/\/pelikan.katowice.pl\/index.php\/wp-json\/wp\/v2\/pages"}],"about":[{"href":"https:\/\/pelikan.katowice.pl\/index.php\/wp-json\/wp\/v2\/types\/page"}],"author":[{"embeddable":true,"href":"https:\/\/pelikan.katowice.pl\/index.php\/wp-json\/wp\/v2\/users\/1"}],"replies":[{"embeddable":true,"href":"https:\/\/pelikan.katowice.pl\/index.php\/wp-json\/wp\/v2\/comments?post=64"}],"version-history":[{"count":115,"href":"https:\/\/pelikan.katowice.pl\/index.php\/wp-json\/wp\/v2\/pages\/64\/revisions"}],"predecessor-version":[{"id":407,"href":"https:\/\/pelikan.katowice.pl\/index.php\/wp-json\/wp\/v2\/pages\/64\/revisions\/407"}],"wp:attachment":[{"href":"https:\/\/pelikan.katowice.pl\/index.php\/wp-json\/wp\/v2\/media?parent=64"}],"curies":[{"name":"wp","href":"https:\/\/api.w.org\/{rel}","templated":true}]}}